{"id":10,"date":"2024-06-25T07:54:04","date_gmt":"2024-06-25T07:54:04","guid":{"rendered":"https:\/\/fondation.impactmontreal.com\/?page_id=10"},"modified":"2024-09-07T02:01:07","modified_gmt":"2024-09-07T02:01:07","slug":"a-propos-de-nous","status":"publish","type":"page","link":"https:\/\/fondation.impactmontreal.com\/en\/a-propos-de-nous\/","title":{"rendered":"ABOUT US"},"content":{"rendered":"<div data-elementor-type=\"wp-page\" data-elementor-id=\"10\" class=\"elementor elementor-10\" data-elementor-post-type=\"page\">\n\t\t\t\t\t\t<section class=\"elementor-section elementor-top-section elementor-element elementor-element-f01972b elementor-section-height-min-height elementor-section-boxed elementor-section-height-default elementor-section-items-middle elementor-invisible\" data-id=\"f01972b\" data-element_type=\"section\" data-settings=\"{&quot;background_background&quot;:&quot;classic&quot;,&quot;animation&quot;:&quot;fadeIn&quot;}\">\n\t\t\t\t\t\t\t<div class=\"elementor-background-overlay\"><\/div>\n\t\t\t\t\t\t\t<div class=\"elementor-container elementor-column-gap-default\">\n\t\t\t\t\t<div class=\"elementor-column elementor-col-50 elementor-top-column elementor-element elementor-element-4dc5488\" data-id=\"4dc5488\" data-element_type=\"column\">\n\t\t\t<div class=\"elementor-widget-wrap elementor-element-populated\">\n\t\t\t\t\t\t<div class=\"elementor-element elementor-element-9c418c2 elementor-widget elementor-widget-heading\" data-id=\"9c418c2\" data-element_type=\"widget\" data-widget_type=\"heading.default\">\n\t\t\t\t<div class=\"elementor-widget-container\">\n\t\t\t<style>\/*! elementor - v3.23.0 - 05-08-2024 *\/\n.elementor-heading-title{padding:0;margin:0;line-height:1}.elementor-widget-heading .elementor-heading-title[class*=elementor-size-]>a{color:inherit;font-size:inherit;line-height:inherit}.elementor-widget-heading .elementor-heading-title.elementor-size-small{font-size:15px}.elementor-widget-heading .elementor-heading-title.elementor-size-medium{font-size:19px}.elementor-widget-heading .elementor-heading-title.elementor-size-large{font-size:29px}.elementor-widget-heading .elementor-heading-title.elementor-size-xl{font-size:39px}.elementor-widget-heading .elementor-heading-title.elementor-size-xxl{font-size:59px}<\/style><h1 class=\"elementor-heading-title elementor-size-default\">ABOUT US<\/h1>\t\t<\/div>\n\t\t\t\t<\/div>\n\t\t\t\t\t<\/div>\n\t\t<\/div>\n\t\t\t\t<div class=\"elementor-column elementor-col-50 elementor-top-column elementor-element elementor-element-1178ea9 elementor-hidden-mobile\" data-id=\"1178ea9\" data-element_type=\"column\">\n\t\t\t<div class=\"elementor-widget-wrap\">\n\t\t\t\t\t\t\t<\/div>\n\t\t<\/div>\n\t\t\t\t\t<\/div>\n\t\t<\/section>\n\t\t\t\t<section class=\"elementor-section elementor-top-section elementor-element elementor-element-662d765 elementor-section-boxed elementor-section-height-default elementor-section-height-default elementor-invisible\" data-id=\"662d765\" data-element_type=\"section\" data-settings=\"{&quot;animation&quot;:&quot;fadeInUp&quot;}\">\n\t\t\t\t\t\t<div class=\"elementor-container elementor-column-gap-default\">\n\t\t\t\t\t<div class=\"elementor-column elementor-col-100 elementor-top-column elementor-element elementor-element-ae1fb6b\" data-id=\"ae1fb6b\" data-element_type=\"column\">\n\t\t\t<div class=\"elementor-widget-wrap elementor-element-populated\">\n\t\t\t\t\t\t<section class=\"elementor-section elementor-inner-section elementor-element elementor-element-e653945 elementor-section-height-min-height elementor-section-content-middle elementor-section-boxed elementor-section-height-default\" data-id=\"e653945\" data-element_type=\"section\" data-settings=\"{&quot;background_background&quot;:&quot;classic&quot;}\">\n\t\t\t\t\t\t\t<div class=\"elementor-background-overlay\"><\/div>\n\t\t\t\t\t\t\t<div class=\"elementor-container elementor-column-gap-default\">\n\t\t\t\t\t<div class=\"elementor-column elementor-col-100 elementor-inner-column elementor-element elementor-element-74b9587\" data-id=\"74b9587\" data-element_type=\"column\" data-settings=\"{&quot;background_background&quot;:&quot;classic&quot;}\">\n\t\t\t<div class=\"elementor-widget-wrap elementor-element-populated\">\n\t\t\t\t\t\t<div class=\"elementor-element elementor-element-1f4f931 elementor-widget elementor-widget-heading\" data-id=\"1f4f931\" data-element_type=\"widget\" data-widget_type=\"heading.default\">\n\t\t\t\t<div class=\"elementor-widget-container\">\n\t\t\t<h2 class=\"elementor-heading-title elementor-size-default\">Philosophy<\/h2>\t\t<\/div>\n\t\t\t\t<\/div>\n\t\t\t\t<div class=\"elementor-element elementor-element-963ab80 elementor-widget elementor-widget-text-editor\" data-id=\"963ab80\" data-element_type=\"widget\" data-widget_type=\"text-editor.default\">\n\t\t\t\t<div class=\"elementor-widget-container\">\n\t\t\t<style>\/*! elementor - v3.23.0 - 05-08-2024 *\/\n.elementor-widget-text-editor.elementor-drop-cap-view-stacked .elementor-drop-cap{background-color:#69727d;color:#fff}.elementor-widget-text-editor.elementor-drop-cap-view-framed .elementor-drop-cap{color:#69727d;border:3px solid;background-color:transparent}.elementor-widget-text-editor:not(.elementor-drop-cap-view-default) .elementor-drop-cap{margin-top:8px}.elementor-widget-text-editor:not(.elementor-drop-cap-view-default) .elementor-drop-cap-letter{width:1em;height:1em}.elementor-widget-text-editor .elementor-drop-cap{float:left;text-align:center;line-height:1;font-size:50px}.elementor-widget-text-editor .elementor-drop-cap-letter{display:inline-block}<\/style>\t\t\t\t<p>Youth will always be at the heart of all the Foundation's events and concerns.<\/p><p>Reflecting the image of the club it represents, the Foundation aims to be accessible and welcoming.<\/p><p>The events organized by the Foundation, as well as those it supports, must demonstrate creativity and originality.<\/p>\t\t\t\t\t\t<\/div>\n\t\t\t\t<\/div>\n\t\t\t\t\t<\/div>\n\t\t<\/div>\n\t\t\t\t\t<\/div>\n\t\t<\/section>\n\t\t\t\t\t<\/div>\n\t\t<\/div>\n\t\t\t\t\t<\/div>\n\t\t<\/section>\n\t\t\t\t<section class=\"elementor-section elementor-top-section elementor-element elementor-element-8d1f79c elementor-section-content-middle elementor-section-boxed elementor-section-height-default elementor-section-height-default\" data-id=\"8d1f79c\" data-element_type=\"section\">\n\t\t\t\t\t\t<div class=\"elementor-container elementor-column-gap-default\">\n\t\t\t\t\t<div class=\"elementor-column elementor-col-50 elementor-top-column elementor-element elementor-element-bf3aac0 elementor-invisible\" data-id=\"bf3aac0\" data-element_type=\"column\" data-settings=\"{&quot;background_background&quot;:&quot;classic&quot;,&quot;animation&quot;:&quot;fadeInLeft&quot;}\">\n\t\t\t<div class=\"elementor-widget-wrap elementor-element-populated\">\n\t\t\t\t\t<div class=\"elementor-background-overlay\"><\/div>\n\t\t\t\t\t\t<div class=\"elementor-element elementor-element-24f5354 elementor-widget elementor-widget-heading\" data-id=\"24f5354\" data-element_type=\"widget\" data-widget_type=\"heading.default\">\n\t\t\t\t<div class=\"elementor-widget-container\">\n\t\t\t<h2 class=\"elementor-heading-title elementor-size-default\">Mission<\/h2>\t\t<\/div>\n\t\t\t\t<\/div>\n\t\t\t\t<div class=\"elementor-element elementor-element-ad0489b elementor-widget elementor-widget-text-editor\" data-id=\"ad0489b\" data-element_type=\"widget\" data-widget_type=\"text-editor.default\">\n\t\t\t\t<div class=\"elementor-widget-container\">\n\t\t\t\t\t\t\t<p>The mission of the Montreal Impact Foundation is to organize and support activities aimed at improving the quality of life of children and their families from vulnerable communities.<\/p>\t\t\t\t\t\t<\/div>\n\t\t\t\t<\/div>\n\t\t\t\t\t<\/div>\n\t\t<\/div>\n\t\t\t\t<div class=\"elementor-column elementor-col-50 elementor-top-column elementor-element elementor-element-252db6f elementor-invisible\" data-id=\"252db6f\" data-element_type=\"column\" data-settings=\"{&quot;background_background&quot;:&quot;classic&quot;,&quot;animation&quot;:&quot;fadeInRight&quot;}\">\n\t\t\t<div class=\"elementor-widget-wrap elementor-element-populated\">\n\t\t\t\t\t<div class=\"elementor-background-overlay\"><\/div>\n\t\t\t\t\t\t<div class=\"elementor-element elementor-element-5aa0580 elementor-widget elementor-widget-heading\" data-id=\"5aa0580\" data-element_type=\"widget\" data-widget_type=\"heading.default\">\n\t\t\t\t<div class=\"elementor-widget-container\">\n\t\t\t<h2 class=\"elementor-heading-title elementor-size-default\">Actions<\/h2>\t\t<\/div>\n\t\t\t\t<\/div>\n\t\t\t\t<div class=\"elementor-element elementor-element-85901a6 elementor-widget elementor-widget-text-editor\" data-id=\"85901a6\" data-element_type=\"widget\" data-widget_type=\"text-editor.default\">\n\t\t\t\t<div class=\"elementor-widget-container\">\n\t\t\t\t\t\t\t<p>Provide sports facilities for the community in vulnerable areas in order to promote physical activity and social integration.<\/p>\t\t\t\t\t\t<\/div>\n\t\t\t\t<\/div>\n\t\t\t\t\t<\/div>\n\t\t<\/div>\n\t\t\t\t\t<\/div>\n\t\t<\/section>\n\t\t\t\t<section class=\"elementor-section elementor-top-section elementor-element elementor-element-cd38dac elementor-section-boxed elementor-section-height-default elementor-section-height-default elementor-invisible\" data-id=\"cd38dac\" data-element_type=\"section\" data-settings=\"{&quot;animation&quot;:&quot;fadeInUp&quot;}\">\n\t\t\t\t\t\t<div class=\"elementor-container elementor-column-gap-default\">\n\t\t\t\t\t<div class=\"elementor-column elementor-col-100 elementor-top-column elementor-element elementor-element-93e5bee\" data-id=\"93e5bee\" data-element_type=\"column\">\n\t\t\t<div class=\"elementor-widget-wrap elementor-element-populated\">\n\t\t\t\t\t\t<section class=\"elementor-section elementor-inner-section elementor-element elementor-element-a12fa5f elementor-section-boxed elementor-section-height-default elementor-section-height-default\" data-id=\"a12fa5f\" data-element_type=\"section\">\n\t\t\t\t\t\t<div class=\"elementor-container elementor-column-gap-default\">\n\t\t\t\t\t<div class=\"elementor-column elementor-col-100 elementor-inner-column elementor-element elementor-element-1ec6d45\" data-id=\"1ec6d45\" data-element_type=\"column\" data-settings=\"{&quot;background_background&quot;:&quot;classic&quot;}\">\n\t\t\t<div class=\"elementor-widget-wrap elementor-element-populated\">\n\t\t\t\t\t<div class=\"elementor-background-overlay\"><\/div>\n\t\t\t\t\t\t<div class=\"elementor-element elementor-element-bf16d89 elementor-widget elementor-widget-text-editor\" data-id=\"bf16d89\" data-element_type=\"widget\" data-widget_type=\"text-editor.default\">\n\t\t\t\t<div class=\"elementor-widget-container\">\n\t\t\t\t\t\t\t<p>On August 26, 2013, the Montreal Impact Foundation officially came into life, under the presidency of Mr. Dino Madonis.<\/p><p>The creation of the Foundation is, in many respects, the legacy of the Montreal Impact's 20 years of community involvement.<\/p><p>\"While our goal on the field is to be a competitive team, our commitment off the field is just as important,\u201d said CF Montr\u00e9al owner Joey Saputo. A soccer club is a living organization, which must grow and evolve in the community, for the community.\u201d<\/p><p>Upon its launch, BMO Financial Group confirmed that the company would donate $100,000 to the Foundation over the next five years, for a total of $500,000.<\/p><p>\"It gives me great pleasure today to join Joey Saputo and the Montreal Impact in this philanthropic initiative,\u201d said L. Jacques M\u00e9nard, President, BMO Financial Group, Quebec. It's a natural partnership for BMO, given our relationship with the Impact and our commitment to the cause of youth. Together, we can make a difference in the lives of many young people from disadvantaged backgrounds.\u201d<\/p><p>The Foundation's logo was created in line with its mission; the childlike script recalls the Foundation's raison d'\u00eatre, children, while the heart symbolizes all the energy and love deployed to restore a glimmer of hope.<\/p>\t\t\t\t\t\t<\/div>\n\t\t\t\t<\/div>\n\t\t\t\t\t<\/div>\n\t\t<\/div>\n\t\t\t\t\t<\/div>\n\t\t<\/section>\n\t\t\t\t\t<\/div>\n\t\t<\/div>\n\t\t\t\t\t<\/div>\n\t\t<\/section>\n\t\t\t\t<\/div>","protected":false},"excerpt":{"rendered":"<p>\u00c0 propos de nous Philosophie Les enfants seront toujours le point central de tous les \u00e9v\u00e9nements et de toutes les pr\u00e9occupations de la Fondation. \u00c0 l\u2019image du club qu\u2019elle repr\u00e9sente, la Fondation se veut accessible et accueillante. Les \u00e9v\u00e9nements organis\u00e9s par la Fondation, de m\u00eame que ceux qu\u2019elle appuie, devront faire preuve de cr\u00e9ativit\u00e9 et [&hellip;]<\/p>","protected":false},"author":1,"featured_media":0,"parent":0,"menu_order":0,"comment_status":"closed","ping_status":"closed","template":"","meta":{"footnotes":""},"class_list":["post-10","page","type-page","status-publish","hentry"],"yoast_head":"<!-- This site is optimized with the Yoast SEO plugin v23.4 - https:\/\/yoast.com\/wordpress\/plugins\/seo\/ -->\n<title>\u00c0 PROPOS DE NOUS - Fondation Impact de Montr\u00e9al<\/title>\n<meta name=\"robots\" content=\"index, follow, max-snippet:-1, max-image-preview:large, max-video-preview:-1\" \/>\n<link rel=\"canonical\" href=\"https:\/\/fondation.impactmontreal.com\/en\/a-propos-de-nous\/\" \/>\n<meta property=\"og:locale\" content=\"en_US\" \/>\n<meta property=\"og:type\" content=\"article\" \/>\n<meta property=\"og:title\" content=\"\u00c0 PROPOS DE NOUS - Fondation Impact de Montr\u00e9al\" \/>\n<meta property=\"og:description\" content=\"\u00c0 propos de nous Philosophie Les enfants seront toujours le point central de tous les \u00e9v\u00e9nements et de toutes les pr\u00e9occupations de la Fondation. \u00c0 l\u2019image du club qu\u2019elle repr\u00e9sente, la Fondation se veut accessible et accueillante. Les \u00e9v\u00e9nements organis\u00e9s par la Fondation, de m\u00eame que ceux qu\u2019elle appuie, devront faire preuve de cr\u00e9ativit\u00e9 et [&hellip;]\" \/>\n<meta property=\"og:url\" content=\"https:\/\/fondation.impactmontreal.com\/en\/a-propos-de-nous\/\" \/>\n<meta property=\"og:site_name\" content=\"Fondation Impact de Montr\u00e9al\" \/>\n<meta property=\"article:publisher\" content=\"https:\/\/www.facebook.com\/cfmontreal\/\" \/>\n<meta property=\"article:modified_time\" content=\"2024-09-07T02:01:07+00:00\" \/>\n<meta name=\"twitter:card\" content=\"summary_large_image\" \/>\n<meta name=\"twitter:site\" content=\"@FondationIMFC\" \/>\n<meta name=\"twitter:label1\" content=\"Est. reading time\" \/>\n\t<meta name=\"twitter:data1\" content=\"2 minutes\" \/>\n<script type=\"application\/ld+json\" class=\"yoast-schema-graph\">{\"@context\":\"https:\/\/schema.org\",\"@graph\":[{\"@type\":\"WebPage\",\"@id\":\"https:\/\/fondation.impactmontreal.com\/a-propos-de-nous\/\",\"url\":\"https:\/\/fondation.impactmontreal.com\/a-propos-de-nous\/\",\"name\":\"\u00c0 PROPOS DE NOUS - Fondation Impact de Montr\u00e9al\",\"isPartOf\":{\"@id\":\"https:\/\/fondation.impactmontreal.com\/#website\"},\"datePublished\":\"2024-06-25T07:54:04+00:00\",\"dateModified\":\"2024-09-07T02:01:07+00:00\",\"breadcrumb\":{\"@id\":\"https:\/\/fondation.impactmontreal.com\/a-propos-de-nous\/#breadcrumb\"},\"inLanguage\":\"en-US\",\"potentialAction\":[{\"@type\":\"ReadAction\",\"target\":[\"https:\/\/fondation.impactmontreal.com\/a-propos-de-nous\/\"]}]},{\"@type\":\"BreadcrumbList\",\"@id\":\"https:\/\/fondation.impactmontreal.com\/a-propos-de-nous\/#breadcrumb\",\"itemListElement\":[{\"@type\":\"ListItem\",\"position\":1,\"name\":\"Accueil\",\"item\":\"https:\/\/fondation.impactmontreal.com\/\"},{\"@type\":\"ListItem\",\"position\":2,\"name\":\"\u00c0 PROPOS DE NOUS\"}]},{\"@type\":\"WebSite\",\"@id\":\"https:\/\/fondation.impactmontreal.com\/#website\",\"url\":\"https:\/\/fondation.impactmontreal.com\/\",\"name\":\"Fondation Impact de Montr\u00e9al\",\"description\":\"\",\"publisher\":{\"@id\":\"https:\/\/fondation.impactmontreal.com\/#organization\"},\"potentialAction\":[{\"@type\":\"SearchAction\",\"target\":{\"@type\":\"EntryPoint\",\"urlTemplate\":\"https:\/\/fondation.impactmontreal.com\/?s={search_term_string}\"},\"query-input\":{\"@type\":\"PropertyValueSpecification\",\"valueRequired\":true,\"valueName\":\"search_term_string\"}}],\"inLanguage\":\"en-US\"},{\"@type\":\"Organization\",\"@id\":\"https:\/\/fondation.impactmontreal.com\/#organization\",\"name\":\"Fondation Impact de Montr\u00e9al\",\"url\":\"https:\/\/fondation.impactmontreal.com\/\",\"logo\":{\"@type\":\"ImageObject\",\"inLanguage\":\"en-US\",\"@id\":\"https:\/\/fondation.impactmontreal.com\/#\/schema\/logo\/image\/\",\"url\":\"https:\/\/fondation.impactmontreal.com\/wp-content\/uploads\/2024\/09\/logo_Fondation_CMYK-Horizon-EN-1.png\",\"contentUrl\":\"https:\/\/fondation.impactmontreal.com\/wp-content\/uploads\/2024\/09\/logo_Fondation_CMYK-Horizon-EN-1.png\",\"width\":456,\"height\":183,\"caption\":\"Fondation Impact de Montr\u00e9al\"},\"image\":{\"@id\":\"https:\/\/fondation.impactmontreal.com\/#\/schema\/logo\/image\/\"},\"sameAs\":[\"https:\/\/www.facebook.com\/cfmontreal\/\",\"https:\/\/x.com\/FondationIMFC\",\"https:\/\/www.youtube.com\/channel\/UC7rAKewGgSTTJ7oEjwv5jzA\"]}]}<\/script>\n<!-- \/ Yoast SEO plugin. -->","yoast_head_json":{"title":"\u00c0 PROPOS DE NOUS - Fondation Impact de Montr\u00e9al","robots":{"index":"index","follow":"follow","max-snippet":"max-snippet:-1","max-image-preview":"max-image-preview:large","max-video-preview":"max-video-preview:-1"},"canonical":"https:\/\/fondation.impactmontreal.com\/en\/a-propos-de-nous\/","og_locale":"en_US","og_type":"article","og_title":"\u00c0 PROPOS DE NOUS - Fondation Impact de Montr\u00e9al","og_description":"\u00c0 propos de nous Philosophie Les enfants seront toujours le point central de tous les \u00e9v\u00e9nements et de toutes les pr\u00e9occupations de la Fondation. \u00c0 l\u2019image du club qu\u2019elle repr\u00e9sente, la Fondation se veut accessible et accueillante. Les \u00e9v\u00e9nements organis\u00e9s par la Fondation, de m\u00eame que ceux qu\u2019elle appuie, devront faire preuve de cr\u00e9ativit\u00e9 et [&hellip;]","og_url":"https:\/\/fondation.impactmontreal.com\/en\/a-propos-de-nous\/","og_site_name":"Fondation Impact de Montr\u00e9al","article_publisher":"https:\/\/www.facebook.com\/cfmontreal\/","article_modified_time":"2024-09-07T02:01:07+00:00","twitter_card":"summary_large_image","twitter_site":"@FondationIMFC","twitter_misc":{"Est. reading time":"2 minutes"},"schema":{"@context":"https:\/\/schema.org","@graph":[{"@type":"WebPage","@id":"https:\/\/fondation.impactmontreal.com\/a-propos-de-nous\/","url":"https:\/\/fondation.impactmontreal.com\/a-propos-de-nous\/","name":"\u00c0 PROPOS DE NOUS - Fondation Impact de Montr\u00e9al","isPartOf":{"@id":"https:\/\/fondation.impactmontreal.com\/#website"},"datePublished":"2024-06-25T07:54:04+00:00","dateModified":"2024-09-07T02:01:07+00:00","breadcrumb":{"@id":"https:\/\/fondation.impactmontreal.com\/a-propos-de-nous\/#breadcrumb"},"inLanguage":"en-US","potentialAction":[{"@type":"ReadAction","target":["https:\/\/fondation.impactmontreal.com\/a-propos-de-nous\/"]}]},{"@type":"BreadcrumbList","@id":"https:\/\/fondation.impactmontreal.com\/a-propos-de-nous\/#breadcrumb","itemListElement":[{"@type":"ListItem","position":1,"name":"Accueil","item":"https:\/\/fondation.impactmontreal.com\/"},{"@type":"ListItem","position":2,"name":"\u00c0 PROPOS DE NOUS"}]},{"@type":"WebSite","@id":"https:\/\/fondation.impactmontreal.com\/#website","url":"https:\/\/fondation.impactmontreal.com\/","name":"Fondation Impact de Montr\u00e9al","description":"","publisher":{"@id":"https:\/\/fondation.impactmontreal.com\/#organization"},"potentialAction":[{"@type":"SearchAction","target":{"@type":"EntryPoint","urlTemplate":"https:\/\/fondation.impactmontreal.com\/?s={search_term_string}"},"query-input":{"@type":"PropertyValueSpecification","valueRequired":true,"valueName":"search_term_string"}}],"inLanguage":"en-US"},{"@type":"Organization","@id":"https:\/\/fondation.impactmontreal.com\/#organization","name":"Fondation Impact de Montr\u00e9al","url":"https:\/\/fondation.impactmontreal.com\/","logo":{"@type":"ImageObject","inLanguage":"en-US","@id":"https:\/\/fondation.impactmontreal.com\/#\/schema\/logo\/image\/","url":"https:\/\/fondation.impactmontreal.com\/wp-content\/uploads\/2024\/09\/logo_Fondation_CMYK-Horizon-EN-1.png","contentUrl":"https:\/\/fondation.impactmontreal.com\/wp-content\/uploads\/2024\/09\/logo_Fondation_CMYK-Horizon-EN-1.png","width":456,"height":183,"caption":"Fondation Impact de Montr\u00e9al"},"image":{"@id":"https:\/\/fondation.impactmontreal.com\/#\/schema\/logo\/image\/"},"sameAs":["https:\/\/www.facebook.com\/cfmontreal\/","https:\/\/x.com\/FondationIMFC","https:\/\/www.youtube.com\/channel\/UC7rAKewGgSTTJ7oEjwv5jzA"]}]}},"_links":{"self":[{"href":"https:\/\/fondation.impactmontreal.com\/en\/wp-json\/wp\/v2\/pages\/10","targetHints":{"allow":["GET"]}}],"collection":[{"href":"https:\/\/fondation.impactmontreal.com\/en\/wp-json\/wp\/v2\/pages"}],"about":[{"href":"https:\/\/fondation.impactmontreal.com\/en\/wp-json\/wp\/v2\/types\/page"}],"author":[{"embeddable":true,"href":"https:\/\/fondation.impactmontreal.com\/en\/wp-json\/wp\/v2\/users\/1"}],"replies":[{"embeddable":true,"href":"https:\/\/fondation.impactmontreal.com\/en\/wp-json\/wp\/v2\/comments?post=10"}],"version-history":[{"count":85,"href":"https:\/\/fondation.impactmontreal.com\/en\/wp-json\/wp\/v2\/pages\/10\/revisions"}],"predecessor-version":[{"id":1801,"href":"https:\/\/fondation.impactmontreal.com\/en\/wp-json\/wp\/v2\/pages\/10\/revisions\/1801"}],"wp:attachment":[{"href":"https:\/\/fondation.impactmontreal.com\/en\/wp-json\/wp\/v2\/media?parent=10"}],"curies":[{"name":"wp","href":"https:\/\/api.w.org\/{rel}","templated":true}]}}