{"id":22,"date":"2024-06-25T07:55:16","date_gmt":"2024-06-25T07:55:16","guid":{"rendered":"https:\/\/fondation.impactmontreal.com\/?page_id=22"},"modified":"2024-08-30T15:12:25","modified_gmt":"2024-08-30T15:12:25","slug":"beneficiaires","status":"publish","type":"page","link":"https:\/\/fondation.impactmontreal.com\/en\/beneficiaires\/","title":{"rendered":"BENIFICIARIES"},"content":{"rendered":"<div data-elementor-type=\"wp-page\" data-elementor-id=\"22\" class=\"elementor elementor-22\" data-elementor-post-type=\"page\">\n\t\t\t\t\t\t<section class=\"elementor-section elementor-top-section elementor-element elementor-element-07dee32 elementor-section-height-min-height elementor-section-boxed elementor-section-height-default elementor-section-items-middle\" data-id=\"07dee32\" data-element_type=\"section\" data-settings=\"{&quot;background_background&quot;:&quot;classic&quot;}\">\n\t\t\t\t\t\t\t<div class=\"elementor-background-overlay\"><\/div>\n\t\t\t\t\t\t\t<div class=\"elementor-container elementor-column-gap-default\">\n\t\t\t\t\t<div class=\"elementor-column elementor-col-50 elementor-top-column elementor-element elementor-element-17215c4\" data-id=\"17215c4\" data-element_type=\"column\">\n\t\t\t<div class=\"elementor-widget-wrap elementor-element-populated\">\n\t\t\t\t\t\t<div class=\"elementor-element elementor-element-44535a2 elementor-widget elementor-widget-heading\" data-id=\"44535a2\" data-element_type=\"widget\" data-widget_type=\"heading.default\">\n\t\t\t\t<div class=\"elementor-widget-container\">\n\t\t\t<style>\/*! elementor - v3.23.0 - 05-08-2024 *\/\n.elementor-heading-title{padding:0;margin:0;line-height:1}.elementor-widget-heading .elementor-heading-title[class*=elementor-size-]>a{color:inherit;font-size:inherit;line-height:inherit}.elementor-widget-heading .elementor-heading-title.elementor-size-small{font-size:15px}.elementor-widget-heading .elementor-heading-title.elementor-size-medium{font-size:19px}.elementor-widget-heading .elementor-heading-title.elementor-size-large{font-size:29px}.elementor-widget-heading .elementor-heading-title.elementor-size-xl{font-size:39px}.elementor-widget-heading .elementor-heading-title.elementor-size-xxl{font-size:59px}<\/style><h1 class=\"elementor-heading-title elementor-size-default\">BENIFICIARIES<\/h1>\t\t<\/div>\n\t\t\t\t<\/div>\n\t\t\t\t\t<\/div>\n\t\t<\/div>\n\t\t\t\t<div class=\"elementor-column elementor-col-50 elementor-top-column elementor-element elementor-element-55da90a elementor-hidden-mobile\" data-id=\"55da90a\" data-element_type=\"column\">\n\t\t\t<div class=\"elementor-widget-wrap\">\n\t\t\t\t\t\t\t<\/div>\n\t\t<\/div>\n\t\t\t\t\t<\/div>\n\t\t<\/section>\n\t\t\t\t<section class=\"elementor-section elementor-top-section elementor-element elementor-element-6518dd0 elementor-section-boxed elementor-section-height-default elementor-section-height-default\" data-id=\"6518dd0\" data-element_type=\"section\">\n\t\t\t\t\t\t<div class=\"elementor-container elementor-column-gap-default\">\n\t\t\t\t\t<div class=\"elementor-column elementor-col-100 elementor-top-column elementor-element elementor-element-ba8956d\" data-id=\"ba8956d\" data-element_type=\"column\">\n\t\t\t<div class=\"elementor-widget-wrap elementor-element-populated\">\n\t\t\t\t\t\t<section class=\"elementor-section elementor-inner-section elementor-element elementor-element-b9e851f elementor-section-boxed elementor-section-height-default elementor-section-height-default\" data-id=\"b9e851f\" data-element_type=\"section\">\n\t\t\t\t\t\t<div class=\"elementor-container elementor-column-gap-default\">\n\t\t\t\t\t<div class=\"elementor-column elementor-col-100 elementor-inner-column elementor-element elementor-element-6576ccf\" data-id=\"6576ccf\" data-element_type=\"column\" data-settings=\"{&quot;background_background&quot;:&quot;classic&quot;}\">\n\t\t\t<div class=\"elementor-widget-wrap elementor-element-populated\">\n\t\t\t\t\t<div class=\"elementor-background-overlay\"><\/div>\n\t\t\t\t\t\t<div class=\"elementor-element elementor-element-0aac885 elementor-widget elementor-widget-heading\" data-id=\"0aac885\" data-element_type=\"widget\" data-widget_type=\"heading.default\">\n\t\t\t\t<div class=\"elementor-widget-container\">\n\t\t\t<h2 class=\"elementor-heading-title elementor-size-default\">The Montreal Impact Foundation: A sustainable commitment to the community<\/h2>\t\t<\/div>\n\t\t\t\t<\/div>\n\t\t\t\t<div class=\"elementor-element elementor-element-4db50ee elementor-widget elementor-widget-text-editor\" data-id=\"4db50ee\" data-element_type=\"widget\" data-widget_type=\"text-editor.default\">\n\t\t\t\t<div class=\"elementor-widget-container\">\n\t\t\t<style>\/*! elementor - v3.23.0 - 05-08-2024 *\/\n.elementor-widget-text-editor.elementor-drop-cap-view-stacked .elementor-drop-cap{background-color:#69727d;color:#fff}.elementor-widget-text-editor.elementor-drop-cap-view-framed .elementor-drop-cap{color:#69727d;border:3px solid;background-color:transparent}.elementor-widget-text-editor:not(.elementor-drop-cap-view-default) .elementor-drop-cap{margin-top:8px}.elementor-widget-text-editor:not(.elementor-drop-cap-view-default) .elementor-drop-cap-letter{width:1em;height:1em}.elementor-widget-text-editor .elementor-drop-cap{float:left;text-align:center;line-height:1;font-size:50px}.elementor-widget-text-editor .elementor-drop-cap-letter{display:inline-block}<\/style>\t\t\t\t<p>The Montreal Impact Foundation is dedicated to supporting community organizations that work to improve the quality of life for children and their families in vulnerable areas. Our mission is to fund projects that bring about positive and lasting change in the community.<\/p><p>Since its inception, the Foundation has invested in initiatives such as the construction of multisport mini-fields, providing young people with safe and accessible play spaces. These projects include synthetic-surface and asphalt fields, which encourage physical activity and community involvement.<\/p><p>During Phase 1 of our project, the Montreal Impact Foundation left a lasting imprint by building five synthetic-surface multisport mini-fields across Quebec. These fields were inaugurated at Champdor\u00e9 Park in the Saint-Michel district in 2018, at Joe-Beef Park in the Pointe-Saint-Charles district in 2019, at Paul-Andr\u00e9-Potvin Park in Shawinigan in 2021, at Parc du Moulin in Laval in 2022, and most recently at Ski La Tuque in La Tuque in 2024.<\/p><p>We're thrilled to continue with Phase 2 in fall 2024 to allocate two asphalt multisport mini-fields in 2025.  With an ambitious investment of over $2,000,000, these new projects aim to extend our impact and offer even more young people places where they can thrive, play, and dream big.<\/p>\t\t\t\t\t\t<\/div>\n\t\t\t\t<\/div>\n\t\t\t\t\t<\/div>\n\t\t<\/div>\n\t\t\t\t\t<\/div>\n\t\t<\/section>\n\t\t\t\t\t<\/div>\n\t\t<\/div>\n\t\t\t\t\t<\/div>\n\t\t<\/section>\n\t\t\t\t<section class=\"elementor-section elementor-top-section elementor-element elementor-element-9a82f5d elementor-section-boxed elementor-section-height-default elementor-section-height-default\" data-id=\"9a82f5d\" data-element_type=\"section\">\n\t\t\t\t\t\t<div class=\"elementor-container elementor-column-gap-default\">\n\t\t\t\t\t<div class=\"elementor-column elementor-col-100 elementor-top-column elementor-element elementor-element-d24d9d3\" data-id=\"d24d9d3\" data-element_type=\"column\">\n\t\t\t<div class=\"elementor-widget-wrap elementor-element-populated\">\n\t\t\t\t\t\t<section class=\"elementor-section elementor-inner-section elementor-element elementor-element-1174e6b elementor-section-boxed elementor-section-height-default elementor-section-height-default\" data-id=\"1174e6b\" data-element_type=\"section\">\n\t\t\t\t\t\t<div class=\"elementor-container elementor-column-gap-default\">\n\t\t\t\t\t<div class=\"elementor-column elementor-col-100 elementor-inner-column elementor-element elementor-element-2e35bbd\" data-id=\"2e35bbd\" data-element_type=\"column\" data-settings=\"{&quot;background_background&quot;:&quot;classic&quot;}\">\n\t\t\t<div class=\"elementor-widget-wrap elementor-element-populated\">\n\t\t\t\t\t\t<div class=\"elementor-element elementor-element-f5a6920 elementor-widget elementor-widget-text-editor\" data-id=\"f5a6920\" data-element_type=\"widget\" data-widget_type=\"text-editor.default\">\n\t\t\t\t<div class=\"elementor-widget-container\">\n\t\t\t\t\t\t\t<ul><li><span style=\"color: #ffffff;\">Villeray, Saint-Michel Parc-Extension <span style=\"text-decoration: underline;\"><a style=\"color: #ffffff; text-decoration: underline;\" href=\"https:\/\/montreal.ca\/villeray-saint-michel-parc-extension\">Villeray\u2013Saint-Michel\u2013Parc-Extension | Ville de Montr\u00e9al (montreal.ca)<\/a><\/span><\/span><\/li><li><span style=\"color: #ffffff;\">CJBV <span style=\"text-decoration: underline;\"><a style=\"color: #ffffff; text-decoration: underline;\" href=\"https:\/\/cjbv.com\/\">En construction \u2013 Centre des Jeunes Boyce-Viau (cjbv.com)<\/a><\/span><\/span><\/li><li><span style=\"color: #ffffff;\">Centre Communautaire Hochelaga <span style=\"text-decoration: underline;\"><a style=\"color: #ffffff; text-decoration: underline;\" href=\"https:\/\/cchochelaga.org\/\">Accueil | Centre communautaire Hochelaga Home &#8211; &#8211; Notre mission : rendre service (cchochelaga.org)<\/a><\/span><\/span><\/li><li><span style=\"color: #ffffff;\">La Maison \u00e0 Petits Pas <span style=\"text-decoration: underline;\"><a style=\"color: #ffffff; text-decoration: underline;\" href=\"https:\/\/lamapp.org\/\">La Maison \u00c0 Petits Pas (lamapp.org)<\/a><\/span><\/span><\/li><li><span style=\"color: #ffffff;\">Institut Pacifique <span style=\"text-decoration: underline;\"><a style=\"color: #ffffff; text-decoration: underline;\" href=\"https:\/\/institutpacifique.com\/\">Institut Pacifique<\/a><\/span><\/span><\/li><li><span style=\"color: #ffffff;\">YMCA <span style=\"text-decoration: underline;\"><a style=\"color: #ffffff; text-decoration: underline;\" href=\"http:\/\/www.ymcaquebec.org\">ymcaquebec.org<\/a><\/span><\/span><\/li><li><span style=\"color: #ffffff;\">Ruelle de l\u2019Avenir <span style=\"text-decoration: underline;\"><a style=\"color: #ffffff; text-decoration: underline;\" href=\"https:\/\/www.ruelledelavenir.org\/\">Accueil &#8211; Ruelle de l&#8217;avenir (ruelledelavenir.org)<\/a><\/span><\/span><\/li><li><span style=\"color: #ffffff;\">CCSE Maisonneuve <span style=\"text-decoration: underline;\"><a style=\"color: #ffffff; text-decoration: underline;\" href=\"https:\/\/ccse.ca\/\">Accueil &#8211; CCSE Maisonneuve<\/a><\/span><\/span><\/li><li><span style=\"color: #ffffff;\">Entre-Maison <span style=\"text-decoration: underline;\">Ahuntsic <a style=\"color: #ffffff; text-decoration: underline;\" href=\"https:\/\/entremaisonsahuntsic.org\/\">Entre-Maisons Ahuntsic (entremaisonsahuntsic.org)<\/a><\/span><\/span><\/li><li><span style=\"color: #ffffff;\">GCC la Violence <a style=\"color: #ffffff;\" href=\"https:\/\/gcclaviolence.com\/\">| <span style=\"text-decoration: underline;\">(gcclaviolence.com)<\/span><\/a><\/span><\/li><li><span style=\"color: #ffffff;\">CCREG <a style=\"color: #ffffff;\" href=\"http:\/\/www.ccreg.org\/\"><span style=\"text-decoration: underline;\">ccreg.org<\/span><\/a><\/span><\/li><\/ul>\t\t\t\t\t\t<\/div>\n\t\t\t\t<\/div>\n\t\t\t\t\t<\/div>\n\t\t<\/div>\n\t\t\t\t\t<\/div>\n\t\t<\/section>\n\t\t\t\t\t<\/div>\n\t\t<\/div>\n\t\t\t\t\t<\/div>\n\t\t<\/section>\n\t\t\t\t<\/div>","protected":false},"excerpt":{"rendered":"<p>B\u00e9n\u00e9ficiaires La Fondation Impact de Montr\u00e9al : Un Engagement Durable pour la Communaut\u00e9 La Fondation Impact de Montr\u00e9al est d\u00e9di\u00e9e \u00e0 soutenir les organisations communautaires qui \u0153uvrent pour am\u00e9liorer la qualit\u00e9 de vie des enfants et de leurs familles dans des milieux vulnerables. Notre mission est de financer des projets qui apportent un changement positif [&hellip;]<\/p>","protected":false},"author":1,"featured_media":0,"parent":0,"menu_order":0,"comment_status":"closed","ping_status":"closed","template":"","meta":{"footnotes":""},"class_list":["post-22","page","type-page","status-publish","hentry"],"yoast_head":"<!-- This site is optimized with the Yoast SEO plugin v23.4 - https:\/\/yoast.com\/wordpress\/plugins\/seo\/ -->\n<title>B\u00c9N\u00c9FICIAIRES - Fondation Impact de Montr\u00e9al<\/title>\n<meta name=\"robots\" content=\"index, follow, max-snippet:-1, max-image-preview:large, max-video-preview:-1\" \/>\n<link rel=\"canonical\" href=\"https:\/\/fondation.impactmontreal.com\/en\/beneficiaires\/\" \/>\n<meta property=\"og:locale\" content=\"en_US\" \/>\n<meta property=\"og:type\" content=\"article\" \/>\n<meta property=\"og:title\" content=\"B\u00c9N\u00c9FICIAIRES - Fondation Impact de Montr\u00e9al\" \/>\n<meta property=\"og:description\" content=\"B\u00e9n\u00e9ficiaires La Fondation Impact de Montr\u00e9al : Un Engagement Durable pour la Communaut\u00e9 La Fondation Impact de Montr\u00e9al est d\u00e9di\u00e9e \u00e0 soutenir les organisations communautaires qui \u0153uvrent pour am\u00e9liorer la qualit\u00e9 de vie des enfants et de leurs familles dans des milieux vulnerables. Notre mission est de financer des projets qui apportent un changement positif [&hellip;]\" \/>\n<meta property=\"og:url\" content=\"https:\/\/fondation.impactmontreal.com\/en\/beneficiaires\/\" \/>\n<meta property=\"og:site_name\" content=\"Fondation Impact de Montr\u00e9al\" \/>\n<meta property=\"article:publisher\" content=\"https:\/\/www.facebook.com\/cfmontreal\/\" \/>\n<meta property=\"article:modified_time\" content=\"2024-08-30T15:12:25+00:00\" \/>\n<meta name=\"twitter:card\" content=\"summary_large_image\" \/>\n<meta name=\"twitter:site\" content=\"@FondationIMFC\" \/>\n<meta name=\"twitter:label1\" content=\"Est. reading time\" \/>\n\t<meta name=\"twitter:data1\" content=\"2 minutes\" \/>\n<script type=\"application\/ld+json\" class=\"yoast-schema-graph\">{\"@context\":\"https:\/\/schema.org\",\"@graph\":[{\"@type\":\"WebPage\",\"@id\":\"https:\/\/fondation.impactmontreal.com\/beneficiaires\/\",\"url\":\"https:\/\/fondation.impactmontreal.com\/beneficiaires\/\",\"name\":\"B\u00c9N\u00c9FICIAIRES - Fondation Impact de Montr\u00e9al\",\"isPartOf\":{\"@id\":\"https:\/\/fondation.impactmontreal.com\/#website\"},\"datePublished\":\"2024-06-25T07:55:16+00:00\",\"dateModified\":\"2024-08-30T15:12:25+00:00\",\"breadcrumb\":{\"@id\":\"https:\/\/fondation.impactmontreal.com\/beneficiaires\/#breadcrumb\"},\"inLanguage\":\"en-US\",\"potentialAction\":[{\"@type\":\"ReadAction\",\"target\":[\"https:\/\/fondation.impactmontreal.com\/beneficiaires\/\"]}]},{\"@type\":\"BreadcrumbList\",\"@id\":\"https:\/\/fondation.impactmontreal.com\/beneficiaires\/#breadcrumb\",\"itemListElement\":[{\"@type\":\"ListItem\",\"position\":1,\"name\":\"Accueil\",\"item\":\"https:\/\/fondation.impactmontreal.com\/\"},{\"@type\":\"ListItem\",\"position\":2,\"name\":\"B\u00c9N\u00c9FICIAIRES\"}]},{\"@type\":\"WebSite\",\"@id\":\"https:\/\/fondation.impactmontreal.com\/#website\",\"url\":\"https:\/\/fondation.impactmontreal.com\/\",\"name\":\"Fondation Impact de Montr\u00e9al\",\"description\":\"\",\"publisher\":{\"@id\":\"https:\/\/fondation.impactmontreal.com\/#organization\"},\"potentialAction\":[{\"@type\":\"SearchAction\",\"target\":{\"@type\":\"EntryPoint\",\"urlTemplate\":\"https:\/\/fondation.impactmontreal.com\/?s={search_term_string}\"},\"query-input\":{\"@type\":\"PropertyValueSpecification\",\"valueRequired\":true,\"valueName\":\"search_term_string\"}}],\"inLanguage\":\"en-US\"},{\"@type\":\"Organization\",\"@id\":\"https:\/\/fondation.impactmontreal.com\/#organization\",\"name\":\"Fondation Impact de Montr\u00e9al\",\"url\":\"https:\/\/fondation.impactmontreal.com\/\",\"logo\":{\"@type\":\"ImageObject\",\"inLanguage\":\"en-US\",\"@id\":\"https:\/\/fondation.impactmontreal.com\/#\/schema\/logo\/image\/\",\"url\":\"https:\/\/fondation.impactmontreal.com\/wp-content\/uploads\/2024\/09\/logo_Fondation_CMYK-Horizon-EN-1.png\",\"contentUrl\":\"https:\/\/fondation.impactmontreal.com\/wp-content\/uploads\/2024\/09\/logo_Fondation_CMYK-Horizon-EN-1.png\",\"width\":456,\"height\":183,\"caption\":\"Fondation Impact de Montr\u00e9al\"},\"image\":{\"@id\":\"https:\/\/fondation.impactmontreal.com\/#\/schema\/logo\/image\/\"},\"sameAs\":[\"https:\/\/www.facebook.com\/cfmontreal\/\",\"https:\/\/x.com\/FondationIMFC\",\"https:\/\/www.youtube.com\/channel\/UC7rAKewGgSTTJ7oEjwv5jzA\"]}]}<\/script>\n<!-- \/ Yoast SEO plugin. -->","yoast_head_json":{"title":"B\u00c9N\u00c9FICIAIRES - Fondation Impact de Montr\u00e9al","robots":{"index":"index","follow":"follow","max-snippet":"max-snippet:-1","max-image-preview":"max-image-preview:large","max-video-preview":"max-video-preview:-1"},"canonical":"https:\/\/fondation.impactmontreal.com\/en\/beneficiaires\/","og_locale":"en_US","og_type":"article","og_title":"B\u00c9N\u00c9FICIAIRES - Fondation Impact de Montr\u00e9al","og_description":"B\u00e9n\u00e9ficiaires La Fondation Impact de Montr\u00e9al : Un Engagement Durable pour la Communaut\u00e9 La Fondation Impact de Montr\u00e9al est d\u00e9di\u00e9e \u00e0 soutenir les organisations communautaires qui \u0153uvrent pour am\u00e9liorer la qualit\u00e9 de vie des enfants et de leurs familles dans des milieux vulnerables. Notre mission est de financer des projets qui apportent un changement positif [&hellip;]","og_url":"https:\/\/fondation.impactmontreal.com\/en\/beneficiaires\/","og_site_name":"Fondation Impact de Montr\u00e9al","article_publisher":"https:\/\/www.facebook.com\/cfmontreal\/","article_modified_time":"2024-08-30T15:12:25+00:00","twitter_card":"summary_large_image","twitter_site":"@FondationIMFC","twitter_misc":{"Est. reading time":"2 minutes"},"schema":{"@context":"https:\/\/schema.org","@graph":[{"@type":"WebPage","@id":"https:\/\/fondation.impactmontreal.com\/beneficiaires\/","url":"https:\/\/fondation.impactmontreal.com\/beneficiaires\/","name":"B\u00c9N\u00c9FICIAIRES - Fondation Impact de Montr\u00e9al","isPartOf":{"@id":"https:\/\/fondation.impactmontreal.com\/#website"},"datePublished":"2024-06-25T07:55:16+00:00","dateModified":"2024-08-30T15:12:25+00:00","breadcrumb":{"@id":"https:\/\/fondation.impactmontreal.com\/beneficiaires\/#breadcrumb"},"inLanguage":"en-US","potentialAction":[{"@type":"ReadAction","target":["https:\/\/fondation.impactmontreal.com\/beneficiaires\/"]}]},{"@type":"BreadcrumbList","@id":"https:\/\/fondation.impactmontreal.com\/beneficiaires\/#breadcrumb","itemListElement":[{"@type":"ListItem","position":1,"name":"Accueil","item":"https:\/\/fondation.impactmontreal.com\/"},{"@type":"ListItem","position":2,"name":"B\u00c9N\u00c9FICIAIRES"}]},{"@type":"WebSite","@id":"https:\/\/fondation.impactmontreal.com\/#website","url":"https:\/\/fondation.impactmontreal.com\/","name":"Fondation Impact de Montr\u00e9al","description":"","publisher":{"@id":"https:\/\/fondation.impactmontreal.com\/#organization"},"potentialAction":[{"@type":"SearchAction","target":{"@type":"EntryPoint","urlTemplate":"https:\/\/fondation.impactmontreal.com\/?s={search_term_string}"},"query-input":{"@type":"PropertyValueSpecification","valueRequired":true,"valueName":"search_term_string"}}],"inLanguage":"en-US"},{"@type":"Organization","@id":"https:\/\/fondation.impactmontreal.com\/#organization","name":"Fondation Impact de Montr\u00e9al","url":"https:\/\/fondation.impactmontreal.com\/","logo":{"@type":"ImageObject","inLanguage":"en-US","@id":"https:\/\/fondation.impactmontreal.com\/#\/schema\/logo\/image\/","url":"https:\/\/fondation.impactmontreal.com\/wp-content\/uploads\/2024\/09\/logo_Fondation_CMYK-Horizon-EN-1.png","contentUrl":"https:\/\/fondation.impactmontreal.com\/wp-content\/uploads\/2024\/09\/logo_Fondation_CMYK-Horizon-EN-1.png","width":456,"height":183,"caption":"Fondation Impact de Montr\u00e9al"},"image":{"@id":"https:\/\/fondation.impactmontreal.com\/#\/schema\/logo\/image\/"},"sameAs":["https:\/\/www.facebook.com\/cfmontreal\/","https:\/\/x.com\/FondationIMFC","https:\/\/www.youtube.com\/channel\/UC7rAKewGgSTTJ7oEjwv5jzA"]}]}},"_links":{"self":[{"href":"https:\/\/fondation.impactmontreal.com\/en\/wp-json\/wp\/v2\/pages\/22","targetHints":{"allow":["GET"]}}],"collection":[{"href":"https:\/\/fondation.impactmontreal.com\/en\/wp-json\/wp\/v2\/pages"}],"about":[{"href":"https:\/\/fondation.impactmontreal.com\/en\/wp-json\/wp\/v2\/types\/page"}],"author":[{"embeddable":true,"href":"https:\/\/fondation.impactmontreal.com\/en\/wp-json\/wp\/v2\/users\/1"}],"replies":[{"embeddable":true,"href":"https:\/\/fondation.impactmontreal.com\/en\/wp-json\/wp\/v2\/comments?post=22"}],"version-history":[{"count":67,"href":"https:\/\/fondation.impactmontreal.com\/en\/wp-json\/wp\/v2\/pages\/22\/revisions"}],"predecessor-version":[{"id":1736,"href":"https:\/\/fondation.impactmontreal.com\/en\/wp-json\/wp\/v2\/pages\/22\/revisions\/1736"}],"wp:attachment":[{"href":"https:\/\/fondation.impactmontreal.com\/en\/wp-json\/wp\/v2\/media?parent=22"}],"curies":[{"name":"wp","href":"https:\/\/api.w.org\/{rel}","templated":true}]}}