{"id":24,"date":"2024-06-25T07:55:23","date_gmt":"2024-06-25T07:55:23","guid":{"rendered":"https:\/\/fondation.impactmontreal.com\/?page_id=24"},"modified":"2025-12-04T16:29:11","modified_gmt":"2025-12-04T16:29:11","slug":"rapport-dactivites","status":"publish","type":"page","link":"https:\/\/fondation.impactmontreal.com\/en\/rapport-dactivites\/","title":{"rendered":"ACTIVITY REVIEW"},"content":{"rendered":"<div data-elementor-type=\"wp-page\" data-elementor-id=\"24\" class=\"elementor elementor-24\" data-elementor-post-type=\"page\">\n\t\t\t\t\t\t<section class=\"elementor-section elementor-top-section elementor-element elementor-element-6ee0f28 elementor-section-height-min-height elementor-section-boxed elementor-section-height-default elementor-section-items-middle\" data-id=\"6ee0f28\" data-element_type=\"section\" data-settings=\"{&quot;background_background&quot;:&quot;classic&quot;}\">\n\t\t\t\t\t\t\t<div class=\"elementor-background-overlay\"><\/div>\n\t\t\t\t\t\t\t<div class=\"elementor-container elementor-column-gap-default\">\n\t\t\t\t\t<div class=\"elementor-column elementor-col-50 elementor-top-column elementor-element elementor-element-60c72eb\" data-id=\"60c72eb\" data-element_type=\"column\">\n\t\t\t<div class=\"elementor-widget-wrap elementor-element-populated\">\n\t\t\t\t\t\t<div class=\"elementor-element elementor-element-1fdb2f1 elementor-widget elementor-widget-heading\" data-id=\"1fdb2f1\" data-element_type=\"widget\" data-widget_type=\"heading.default\">\n\t\t\t\t<div class=\"elementor-widget-container\">\n\t\t\t<style>\/*! elementor - v3.23.0 - 05-08-2024 *\/\n.elementor-heading-title{padding:0;margin:0;line-height:1}.elementor-widget-heading .elementor-heading-title[class*=elementor-size-]>a{color:inherit;font-size:inherit;line-height:inherit}.elementor-widget-heading .elementor-heading-title.elementor-size-small{font-size:15px}.elementor-widget-heading .elementor-heading-title.elementor-size-medium{font-size:19px}.elementor-widget-heading .elementor-heading-title.elementor-size-large{font-size:29px}.elementor-widget-heading .elementor-heading-title.elementor-size-xl{font-size:39px}.elementor-widget-heading .elementor-heading-title.elementor-size-xxl{font-size:59px}<\/style><h1 class=\"elementor-heading-title elementor-size-default\">AN OVERVIEW OF OUR ACTIVITIES<\/h1>\t\t<\/div>\n\t\t\t\t<\/div>\n\t\t\t\t\t<\/div>\n\t\t<\/div>\n\t\t\t\t<div class=\"elementor-column elementor-col-50 elementor-top-column elementor-element elementor-element-500e637 elementor-hidden-mobile\" data-id=\"500e637\" data-element_type=\"column\">\n\t\t\t<div class=\"elementor-widget-wrap\">\n\t\t\t\t\t\t\t<\/div>\n\t\t<\/div>\n\t\t\t\t\t<\/div>\n\t\t<\/section>\n\t\t\t\t<section class=\"elementor-section elementor-top-section elementor-element elementor-element-0937bee elementor-section-boxed elementor-section-height-default elementor-section-height-default\" data-id=\"0937bee\" data-element_type=\"section\">\n\t\t\t\t\t\t<div class=\"elementor-container elementor-column-gap-default\">\n\t\t\t\t\t<div class=\"elementor-column elementor-col-100 elementor-top-column elementor-element elementor-element-ffefa97\" data-id=\"ffefa97\" data-element_type=\"column\">\n\t\t\t<div class=\"elementor-widget-wrap elementor-element-populated\">\n\t\t\t\t\t\t<section class=\"elementor-section elementor-inner-section elementor-element elementor-element-3816f19 elementor-section-content-middle elementor-section-boxed elementor-section-height-default elementor-section-height-default\" data-id=\"3816f19\" data-element_type=\"section\">\n\t\t\t\t\t\t<div class=\"elementor-container elementor-column-gap-default\">\n\t\t\t\t\t<div class=\"elementor-column elementor-col-50 elementor-inner-column elementor-element elementor-element-dacd763\" data-id=\"dacd763\" data-element_type=\"column\" data-settings=\"{&quot;background_background&quot;:&quot;classic&quot;}\">\n\t\t\t<div class=\"elementor-widget-wrap elementor-element-populated\">\n\t\t\t\t\t\t<div class=\"elementor-element elementor-element-de35992 elementor-widget elementor-widget-image\" data-id=\"de35992\" data-element_type=\"widget\" data-widget_type=\"image.default\">\n\t\t\t\t<div class=\"elementor-widget-container\">\n\t\t\t<style>\/*! elementor - v3.23.0 - 05-08-2024 *\/\n.elementor-widget-image{text-align:center}.elementor-widget-image a{display:inline-block}.elementor-widget-image a img[src$=\".svg\"]{width:48px}.elementor-widget-image img{vertical-align:middle;display:inline-block}<\/style>\t\t\t\t\t\t\t\t\t\t<img fetchpriority=\"high\" decoding=\"async\" width=\"1088\" height=\"1406\" src=\"https:\/\/fondation.impactmontreal.com\/wp-content\/uploads\/2025\/12\/Capture-decran-2025-12-04-a-11.20.46.png\" class=\"attachment-full size-full wp-image-2602\" alt=\"\" srcset=\"https:\/\/fondation.impactmontreal.com\/wp-content\/uploads\/2025\/12\/Capture-decran-2025-12-04-a-11.20.46.png 1088w, https:\/\/fondation.impactmontreal.com\/wp-content\/uploads\/2025\/12\/Capture-decran-2025-12-04-a-11.20.46-232x300.png 232w, https:\/\/fondation.impactmontreal.com\/wp-content\/uploads\/2025\/12\/Capture-decran-2025-12-04-a-11.20.46-792x1024.png 792w, https:\/\/fondation.impactmontreal.com\/wp-content\/uploads\/2025\/12\/Capture-decran-2025-12-04-a-11.20.46-768x992.png 768w, https:\/\/fondation.impactmontreal.com\/wp-content\/uploads\/2025\/12\/Capture-decran-2025-12-04-a-11.20.46-9x12.png 9w\" sizes=\"(max-width: 1088px) 100vw, 1088px\" \/>\t\t\t\t\t\t\t\t\t\t\t\t\t<\/div>\n\t\t\t\t<\/div>\n\t\t\t\t\t<\/div>\n\t\t<\/div>\n\t\t\t\t<div class=\"elementor-column elementor-col-50 elementor-inner-column elementor-element elementor-element-0f2ee48\" data-id=\"0f2ee48\" data-element_type=\"column\" data-settings=\"{&quot;background_background&quot;:&quot;classic&quot;}\">\n\t\t\t<div class=\"elementor-widget-wrap elementor-element-populated\">\n\t\t\t\t\t<div class=\"elementor-background-overlay\"><\/div>\n\t\t\t\t\t\t<div class=\"elementor-element elementor-element-affacf8 elementor-widget elementor-widget-text-editor\" data-id=\"affacf8\" data-element_type=\"widget\" data-widget_type=\"text-editor.default\">\n\t\t\t\t<div class=\"elementor-widget-container\">\n\t\t\t<style>\/*! elementor - v3.23.0 - 05-08-2024 *\/\n.elementor-widget-text-editor.elementor-drop-cap-view-stacked .elementor-drop-cap{background-color:#69727d;color:#fff}.elementor-widget-text-editor.elementor-drop-cap-view-framed .elementor-drop-cap{color:#69727d;border:3px solid;background-color:transparent}.elementor-widget-text-editor:not(.elementor-drop-cap-view-default) .elementor-drop-cap{margin-top:8px}.elementor-widget-text-editor:not(.elementor-drop-cap-view-default) .elementor-drop-cap-letter{width:1em;height:1em}.elementor-widget-text-editor .elementor-drop-cap{float:left;text-align:center;line-height:1;font-size:50px}.elementor-widget-text-editor .elementor-drop-cap-letter{display:inline-block}<\/style>\t\t\t\t<p>Below, you will find the review of the activities of the Montreal Impact Foundation for the year 2025. This report presents the initiatives that we have implemented over the past year.<\/p><p><strong>2025 ACTIVITIES OVERVIEW<\/strong><\/p>\t\t\t\t\t\t<\/div>\n\t\t\t\t<\/div>\n\t\t\t\t<div class=\"elementor-element elementor-element-f7c75ac elementor-align-center elementor-widget elementor-widget-button\" data-id=\"f7c75ac\" data-element_type=\"widget\" data-widget_type=\"button.default\">\n\t\t\t\t<div class=\"elementor-widget-container\">\n\t\t\t\t\t<div class=\"elementor-button-wrapper\">\n\t\t\t<a class=\"elementor-button elementor-button-link elementor-size-sm\" href=\"https:\/\/fondation.impactmontreal.com\/wp-content\/uploads\/2025\/12\/Revue-des-activites-2025_V-AN.pdf\">\n\t\t\t\t\t\t<span class=\"elementor-button-content-wrapper\">\n\t\t\t\t\t\t\t\t\t<span class=\"elementor-button-text\">CLICK HERE<\/span>\n\t\t\t\t\t<\/span>\n\t\t\t\t\t<\/a>\n\t\t<\/div>\n\t\t\t\t<\/div>\n\t\t\t\t<\/div>\n\t\t\t\t\t<\/div>\n\t\t<\/div>\n\t\t\t\t\t<\/div>\n\t\t<\/section>\n\t\t\t\t\t<\/div>\n\t\t<\/div>\n\t\t\t\t\t<\/div>\n\t\t<\/section>\n\t\t\t\t<\/div>","protected":false},"excerpt":{"rendered":"<p>REVUE DES ACTIVIT\u00c9S Vous trouverez ci-dessous la revue des activit\u00e9s de la Fondation Impact de Montr\u00e9al pour l\u2019ann\u00e9e 2025. Ce rapport pr\u00e9sente les initiatives que nous avons mises en place au cours de la derni\u00e8re ann\u00e9e. REVUE DES ACTIVIT\u00c9S 2025 Cliquez-ici<\/p>","protected":false},"author":1,"featured_media":0,"parent":0,"menu_order":0,"comment_status":"closed","ping_status":"closed","template":"","meta":{"footnotes":""},"class_list":["post-24","page","type-page","status-publish","hentry"],"yoast_head":"<!-- This site is optimized with the Yoast SEO plugin v23.4 - https:\/\/yoast.com\/wordpress\/plugins\/seo\/ -->\n<title>RAPPORT D\u2019ACTIVIT\u00c9S - Fondation Impact de Montr\u00e9al<\/title>\n<meta name=\"robots\" content=\"index, follow, max-snippet:-1, max-image-preview:large, max-video-preview:-1\" \/>\n<link rel=\"canonical\" href=\"https:\/\/fondation.impactmontreal.com\/en\/rapport-dactivites\/\" \/>\n<meta property=\"og:locale\" content=\"en_US\" \/>\n<meta property=\"og:type\" content=\"article\" \/>\n<meta property=\"og:title\" content=\"RAPPORT D\u2019ACTIVIT\u00c9S - Fondation Impact de Montr\u00e9al\" \/>\n<meta property=\"og:description\" content=\"REVUE DES ACTIVIT\u00c9S Vous trouverez ci-dessous la revue des activit\u00e9s de la Fondation Impact de Montr\u00e9al pour l\u2019ann\u00e9e 2025. Ce rapport pr\u00e9sente les initiatives que nous avons mises en place au cours de la derni\u00e8re ann\u00e9e. REVUE DES ACTIVIT\u00c9S 2025 Cliquez-ici\" \/>\n<meta property=\"og:url\" content=\"https:\/\/fondation.impactmontreal.com\/en\/rapport-dactivites\/\" \/>\n<meta property=\"og:site_name\" content=\"Fondation Impact de Montr\u00e9al\" \/>\n<meta property=\"article:publisher\" content=\"https:\/\/www.facebook.com\/cfmontreal\/\" \/>\n<meta property=\"article:modified_time\" content=\"2025-12-04T16:29:11+00:00\" \/>\n<meta property=\"og:image\" content=\"https:\/\/fondation.impactmontreal.com\/wp-content\/uploads\/2025\/12\/Capture-decran-2025-12-04-a-11.16.25.png\" \/>\n<meta name=\"twitter:card\" content=\"summary_large_image\" \/>\n<meta name=\"twitter:site\" content=\"@FondationIMFC\" \/>\n<meta name=\"twitter:label1\" content=\"Est. reading time\" \/>\n\t<meta name=\"twitter:data1\" content=\"1 minute\" \/>\n<script type=\"application\/ld+json\" class=\"yoast-schema-graph\">{\"@context\":\"https:\/\/schema.org\",\"@graph\":[{\"@type\":\"WebPage\",\"@id\":\"https:\/\/fondation.impactmontreal.com\/rapport-dactivites\/\",\"url\":\"https:\/\/fondation.impactmontreal.com\/rapport-dactivites\/\",\"name\":\"RAPPORT D\u2019ACTIVIT\u00c9S - Fondation Impact de Montr\u00e9al\",\"isPartOf\":{\"@id\":\"https:\/\/fondation.impactmontreal.com\/#website\"},\"primaryImageOfPage\":{\"@id\":\"https:\/\/fondation.impactmontreal.com\/rapport-dactivites\/#primaryimage\"},\"image\":{\"@id\":\"https:\/\/fondation.impactmontreal.com\/rapport-dactivites\/#primaryimage\"},\"thumbnailUrl\":\"https:\/\/fondation.impactmontreal.com\/wp-content\/uploads\/2025\/12\/Capture-decran-2025-12-04-a-11.16.25.png\",\"datePublished\":\"2024-06-25T07:55:23+00:00\",\"dateModified\":\"2025-12-04T16:29:11+00:00\",\"breadcrumb\":{\"@id\":\"https:\/\/fondation.impactmontreal.com\/rapport-dactivites\/#breadcrumb\"},\"inLanguage\":\"en-US\",\"potentialAction\":[{\"@type\":\"ReadAction\",\"target\":[\"https:\/\/fondation.impactmontreal.com\/rapport-dactivites\/\"]}]},{\"@type\":\"ImageObject\",\"inLanguage\":\"en-US\",\"@id\":\"https:\/\/fondation.impactmontreal.com\/rapport-dactivites\/#primaryimage\",\"url\":\"https:\/\/fondation.impactmontreal.com\/wp-content\/uploads\/2025\/12\/Capture-decran-2025-12-04-a-11.16.25.png\",\"contentUrl\":\"https:\/\/fondation.impactmontreal.com\/wp-content\/uploads\/2025\/12\/Capture-decran-2025-12-04-a-11.16.25.png\"},{\"@type\":\"BreadcrumbList\",\"@id\":\"https:\/\/fondation.impactmontreal.com\/rapport-dactivites\/#breadcrumb\",\"itemListElement\":[{\"@type\":\"ListItem\",\"position\":1,\"name\":\"Accueil\",\"item\":\"https:\/\/fondation.impactmontreal.com\/\"},{\"@type\":\"ListItem\",\"position\":2,\"name\":\"RAPPORT D\u2019ACTIVIT\u00c9S\"}]},{\"@type\":\"WebSite\",\"@id\":\"https:\/\/fondation.impactmontreal.com\/#website\",\"url\":\"https:\/\/fondation.impactmontreal.com\/\",\"name\":\"Fondation Impact de Montr\u00e9al\",\"description\":\"\",\"publisher\":{\"@id\":\"https:\/\/fondation.impactmontreal.com\/#organization\"},\"potentialAction\":[{\"@type\":\"SearchAction\",\"target\":{\"@type\":\"EntryPoint\",\"urlTemplate\":\"https:\/\/fondation.impactmontreal.com\/?s={search_term_string}\"},\"query-input\":{\"@type\":\"PropertyValueSpecification\",\"valueRequired\":true,\"valueName\":\"search_term_string\"}}],\"inLanguage\":\"en-US\"},{\"@type\":\"Organization\",\"@id\":\"https:\/\/fondation.impactmontreal.com\/#organization\",\"name\":\"Fondation Impact de Montr\u00e9al\",\"url\":\"https:\/\/fondation.impactmontreal.com\/\",\"logo\":{\"@type\":\"ImageObject\",\"inLanguage\":\"en-US\",\"@id\":\"https:\/\/fondation.impactmontreal.com\/#\/schema\/logo\/image\/\",\"url\":\"https:\/\/fondation.impactmontreal.com\/wp-content\/uploads\/2024\/09\/logo_Fondation_CMYK-Horizon-EN-1.png\",\"contentUrl\":\"https:\/\/fondation.impactmontreal.com\/wp-content\/uploads\/2024\/09\/logo_Fondation_CMYK-Horizon-EN-1.png\",\"width\":456,\"height\":183,\"caption\":\"Fondation Impact de Montr\u00e9al\"},\"image\":{\"@id\":\"https:\/\/fondation.impactmontreal.com\/#\/schema\/logo\/image\/\"},\"sameAs\":[\"https:\/\/www.facebook.com\/cfmontreal\/\",\"https:\/\/x.com\/FondationIMFC\",\"https:\/\/www.youtube.com\/channel\/UC7rAKewGgSTTJ7oEjwv5jzA\"]}]}<\/script>\n<!-- \/ Yoast SEO plugin. -->","yoast_head_json":{"title":"RAPPORT D\u2019ACTIVIT\u00c9S - Fondation Impact de Montr\u00e9al","robots":{"index":"index","follow":"follow","max-snippet":"max-snippet:-1","max-image-preview":"max-image-preview:large","max-video-preview":"max-video-preview:-1"},"canonical":"https:\/\/fondation.impactmontreal.com\/en\/rapport-dactivites\/","og_locale":"en_US","og_type":"article","og_title":"RAPPORT D\u2019ACTIVIT\u00c9S - Fondation Impact de Montr\u00e9al","og_description":"REVUE DES ACTIVIT\u00c9S Vous trouverez ci-dessous la revue des activit\u00e9s de la Fondation Impact de Montr\u00e9al pour l\u2019ann\u00e9e 2025. Ce rapport pr\u00e9sente les initiatives que nous avons mises en place au cours de la derni\u00e8re ann\u00e9e. REVUE DES ACTIVIT\u00c9S 2025 Cliquez-ici","og_url":"https:\/\/fondation.impactmontreal.com\/en\/rapport-dactivites\/","og_site_name":"Fondation Impact de Montr\u00e9al","article_publisher":"https:\/\/www.facebook.com\/cfmontreal\/","article_modified_time":"2025-12-04T16:29:11+00:00","og_image":[{"url":"https:\/\/fondation.impactmontreal.com\/wp-content\/uploads\/2025\/12\/Capture-decran-2025-12-04-a-11.16.25.png"}],"twitter_card":"summary_large_image","twitter_site":"@FondationIMFC","twitter_misc":{"Est. reading time":"1 minute"},"schema":{"@context":"https:\/\/schema.org","@graph":[{"@type":"WebPage","@id":"https:\/\/fondation.impactmontreal.com\/rapport-dactivites\/","url":"https:\/\/fondation.impactmontreal.com\/rapport-dactivites\/","name":"RAPPORT D\u2019ACTIVIT\u00c9S - Fondation Impact de Montr\u00e9al","isPartOf":{"@id":"https:\/\/fondation.impactmontreal.com\/#website"},"primaryImageOfPage":{"@id":"https:\/\/fondation.impactmontreal.com\/rapport-dactivites\/#primaryimage"},"image":{"@id":"https:\/\/fondation.impactmontreal.com\/rapport-dactivites\/#primaryimage"},"thumbnailUrl":"https:\/\/fondation.impactmontreal.com\/wp-content\/uploads\/2025\/12\/Capture-decran-2025-12-04-a-11.16.25.png","datePublished":"2024-06-25T07:55:23+00:00","dateModified":"2025-12-04T16:29:11+00:00","breadcrumb":{"@id":"https:\/\/fondation.impactmontreal.com\/rapport-dactivites\/#breadcrumb"},"inLanguage":"en-US","potentialAction":[{"@type":"ReadAction","target":["https:\/\/fondation.impactmontreal.com\/rapport-dactivites\/"]}]},{"@type":"ImageObject","inLanguage":"en-US","@id":"https:\/\/fondation.impactmontreal.com\/rapport-dactivites\/#primaryimage","url":"https:\/\/fondation.impactmontreal.com\/wp-content\/uploads\/2025\/12\/Capture-decran-2025-12-04-a-11.16.25.png","contentUrl":"https:\/\/fondation.impactmontreal.com\/wp-content\/uploads\/2025\/12\/Capture-decran-2025-12-04-a-11.16.25.png"},{"@type":"BreadcrumbList","@id":"https:\/\/fondation.impactmontreal.com\/rapport-dactivites\/#breadcrumb","itemListElement":[{"@type":"ListItem","position":1,"name":"Accueil","item":"https:\/\/fondation.impactmontreal.com\/"},{"@type":"ListItem","position":2,"name":"RAPPORT D\u2019ACTIVIT\u00c9S"}]},{"@type":"WebSite","@id":"https:\/\/fondation.impactmontreal.com\/#website","url":"https:\/\/fondation.impactmontreal.com\/","name":"Fondation Impact de Montr\u00e9al","description":"","publisher":{"@id":"https:\/\/fondation.impactmontreal.com\/#organization"},"potentialAction":[{"@type":"SearchAction","target":{"@type":"EntryPoint","urlTemplate":"https:\/\/fondation.impactmontreal.com\/?s={search_term_string}"},"query-input":{"@type":"PropertyValueSpecification","valueRequired":true,"valueName":"search_term_string"}}],"inLanguage":"en-US"},{"@type":"Organization","@id":"https:\/\/fondation.impactmontreal.com\/#organization","name":"Fondation Impact de Montr\u00e9al","url":"https:\/\/fondation.impactmontreal.com\/","logo":{"@type":"ImageObject","inLanguage":"en-US","@id":"https:\/\/fondation.impactmontreal.com\/#\/schema\/logo\/image\/","url":"https:\/\/fondation.impactmontreal.com\/wp-content\/uploads\/2024\/09\/logo_Fondation_CMYK-Horizon-EN-1.png","contentUrl":"https:\/\/fondation.impactmontreal.com\/wp-content\/uploads\/2024\/09\/logo_Fondation_CMYK-Horizon-EN-1.png","width":456,"height":183,"caption":"Fondation Impact de Montr\u00e9al"},"image":{"@id":"https:\/\/fondation.impactmontreal.com\/#\/schema\/logo\/image\/"},"sameAs":["https:\/\/www.facebook.com\/cfmontreal\/","https:\/\/x.com\/FondationIMFC","https:\/\/www.youtube.com\/channel\/UC7rAKewGgSTTJ7oEjwv5jzA"]}]}},"_links":{"self":[{"href":"https:\/\/fondation.impactmontreal.com\/en\/wp-json\/wp\/v2\/pages\/24","targetHints":{"allow":["GET"]}}],"collection":[{"href":"https:\/\/fondation.impactmontreal.com\/en\/wp-json\/wp\/v2\/pages"}],"about":[{"href":"https:\/\/fondation.impactmontreal.com\/en\/wp-json\/wp\/v2\/types\/page"}],"author":[{"embeddable":true,"href":"https:\/\/fondation.impactmontreal.com\/en\/wp-json\/wp\/v2\/users\/1"}],"replies":[{"embeddable":true,"href":"https:\/\/fondation.impactmontreal.com\/en\/wp-json\/wp\/v2\/comments?post=24"}],"version-history":[{"count":82,"href":"https:\/\/fondation.impactmontreal.com\/en\/wp-json\/wp\/v2\/pages\/24\/revisions"}],"predecessor-version":[{"id":2612,"href":"https:\/\/fondation.impactmontreal.com\/en\/wp-json\/wp\/v2\/pages\/24\/revisions\/2612"}],"wp:attachment":[{"href":"https:\/\/fondation.impactmontreal.com\/en\/wp-json\/wp\/v2\/media?parent=24"}],"curies":[{"name":"wp","href":"https:\/\/api.w.org\/{rel}","templated":true}]}}